{"id":2,"date":"2009-01-16T13:55:07","date_gmt":"2009-01-16T12:55:07","guid":{"rendered":"http:\/\/srbird.com\/?page_id=2"},"modified":"2009-06-06T20:40:26","modified_gmt":"2009-06-06T20:40:26","slug":"about","status":"publish","type":"page","link":"http:\/\/srbird.com\/?page_id=2","title":{"rendered":"El Estudio"},"content":{"rendered":"<ul>\n<li>Dise\u00f1o gr\u00e1fico<\/li>\n<li>Dise\u00f1o web<\/li>\n<li>Identidad Corporativa<\/li>\n<li>Dise\u00f1o editorial<\/li>\n<li>Multimedia<\/li>\n<li>Fotograf\u00eda<\/li>\n<li>Asesoramiento en marketing y comunicaci\u00f3n<\/li>\n<\/ul>\n<p>Fray Mart\u00edn de C\u00f3rdoba, 18<br \/>\n14011 C\u00f3rdoba<\/p>\n<div id=\"attachment_358\" style=\"width: 510px\" class=\"wp-caption alignnone\"><img loading=\"lazy\" decoding=\"async\" aria-describedby=\"caption-attachment-358\" class=\"size-full wp-image-358\" title=\"Nuestras sillas cuentan historias\" src=\"http:\/\/srbird.com\/wp-content\/uploads\/2009\/01\/3.jpg\" alt=\"Nuestras sillas cuentan historias\" width=\"500\" height=\"333\" srcset=\"http:\/\/srbird.com\/wp-content\/uploads\/2009\/01\/3.jpg 500w, http:\/\/srbird.com\/wp-content\/uploads\/2009\/01\/3-300x199.jpg 300w\" sizes=\"(max-width: 500px) 100vw, 500px\" \/><p id=\"caption-attachment-358\" class=\"wp-caption-text\">Nuestras sillas cuentan historias<\/p><\/div>\n<div id=\"attachment_419\" style=\"width: 510px\" class=\"wp-caption alignnone\"><img loading=\"lazy\" decoding=\"async\" aria-describedby=\"caption-attachment-419\" class=\"size-full wp-image-419\" title=\"La recepci\u00f3n\" src=\"http:\/\/srbird.com\/wp-content\/uploads\/2009\/01\/1.jpg\" alt=\"La recepci\u00f3n\" width=\"500\" height=\"329\" srcset=\"http:\/\/srbird.com\/wp-content\/uploads\/2009\/01\/1.jpg 500w, http:\/\/srbird.com\/wp-content\/uploads\/2009\/01\/1-300x197.jpg 300w\" sizes=\"(max-width: 500px) 100vw, 500px\" \/><p id=\"caption-attachment-419\" class=\"wp-caption-text\">Pasa, te estamos esperando<\/p><\/div>\n<div id=\"attachment_357\" style=\"width: 510px\" class=\"wp-caption alignnone\"><img loading=\"lazy\" decoding=\"async\" aria-describedby=\"caption-attachment-357\" class=\"size-full wp-image-357\" title=\"El sof\u00e1 de nuestro estudio\" src=\"http:\/\/srbird.com\/wp-content\/uploads\/2009\/01\/7.jpg\" alt=\"El sof\u00e1 de nuestro estudio\" width=\"500\" height=\"334\" srcset=\"http:\/\/srbird.com\/wp-content\/uploads\/2009\/01\/7.jpg 500w, http:\/\/srbird.com\/wp-content\/uploads\/2009\/01\/7-300x200.jpg 300w\" sizes=\"(max-width: 500px) 100vw, 500px\" \/><p id=\"caption-attachment-357\" class=\"wp-caption-text\">El sof\u00e1 de nuestro estudio<\/p><\/div>\n<div id=\"attachment_420\" style=\"width: 510px\" class=\"wp-caption alignnone\"><img loading=\"lazy\" decoding=\"async\" aria-describedby=\"caption-attachment-420\" class=\"size-full wp-image-420\" title=\"Mesa de reuniones\" src=\"http:\/\/srbird.com\/wp-content\/uploads\/2009\/01\/21.jpg\" alt=\"Mesa de reuniones\" width=\"500\" height=\"334\" srcset=\"http:\/\/srbird.com\/wp-content\/uploads\/2009\/01\/21.jpg 500w, http:\/\/srbird.com\/wp-content\/uploads\/2009\/01\/21-300x200.jpg 300w\" sizes=\"(max-width: 500px) 100vw, 500px\" \/><p id=\"caption-attachment-420\" class=\"wp-caption-text\">Aqui es donde nos reunimos<\/p><\/div>\n<div id=\"attachment_362\" style=\"width: 510px\" class=\"wp-caption alignnone\"><img loading=\"lazy\" decoding=\"async\" aria-describedby=\"caption-attachment-362\" class=\"size-full wp-image-362\" title=\"Felippo y un Se\u00f1or muy serio no quieren irse de la agencia\" src=\"http:\/\/srbird.com\/wp-content\/uploads\/2009\/01\/2.jpg\" alt=\"Felippo y un Se\u00f1or muy serio no quieren irse de la agencia\" width=\"500\" height=\"334\" srcset=\"http:\/\/srbird.com\/wp-content\/uploads\/2009\/01\/2.jpg 500w, http:\/\/srbird.com\/wp-content\/uploads\/2009\/01\/2-300x200.jpg 300w\" sizes=\"(max-width: 500px) 100vw, 500px\" \/><p id=\"caption-attachment-362\" class=\"wp-caption-text\">Felippo y un Se\u00f1or muy serio no quieren irse de la agencia<\/p><\/div>\n<div id=\"attachment_421\" style=\"width: 510px\" class=\"wp-caption alignnone\"><img loading=\"lazy\" decoding=\"async\" aria-describedby=\"caption-attachment-421\" class=\"size-full wp-image-421\" title=\"El lugar de la inspiraci\u00f3n\" src=\"http:\/\/srbird.com\/wp-content\/uploads\/2009\/01\/5.jpg\" alt=\"Cuando te relajas no parar de salir ideas\" width=\"500\" height=\"333\" srcset=\"http:\/\/srbird.com\/wp-content\/uploads\/2009\/01\/5.jpg 500w, http:\/\/srbird.com\/wp-content\/uploads\/2009\/01\/5-300x199.jpg 300w\" sizes=\"(max-width: 500px) 100vw, 500px\" \/><p id=\"caption-attachment-421\" class=\"wp-caption-text\">Cuando te relajas no paran de salir ideas<\/p><\/div>\n","protected":false},"excerpt":{"rendered":"<p>Dise\u00f1o gr\u00e1fico Dise\u00f1o web Identidad Corporativa Dise\u00f1o editorial Multimedia Fotograf\u00eda Asesoramiento en marketing y comunicaci\u00f3n Fray Mart\u00edn de C\u00f3rdoba, 18 14011 C\u00f3rdoba<\/p>\n","protected":false},"author":1,"featured_media":0,"parent":0,"menu_order":0,"comment_status":"closed","ping_status":"closed","template":"","meta":{"footnotes":""},"_links":{"self":[{"href":"http:\/\/srbird.com\/index.php?rest_route=\/wp\/v2\/pages\/2"}],"collection":[{"href":"http:\/\/srbird.com\/index.php?rest_route=\/wp\/v2\/pages"}],"about":[{"href":"http:\/\/srbird.com\/index.php?rest_route=\/wp\/v2\/types\/page"}],"author":[{"embeddable":true,"href":"http:\/\/srbird.com\/index.php?rest_route=\/wp\/v2\/users\/1"}],"replies":[{"embeddable":true,"href":"http:\/\/srbird.com\/index.php?rest_route=%2Fwp%2Fv2%2Fcomments&post=2"}],"version-history":[{"count":16,"href":"http:\/\/srbird.com\/index.php?rest_route=\/wp\/v2\/pages\/2\/revisions"}],"predecessor-version":[{"id":20,"href":"http:\/\/srbird.com\/index.php?rest_route=\/wp\/v2\/pages\/2\/revisions\/20"}],"wp:attachment":[{"href":"http:\/\/srbird.com\/index.php?rest_route=%2Fwp%2Fv2%2Fmedia&parent=2"}],"curies":[{"name":"wp","href":"https:\/\/api.w.org\/{rel}","templated":true}]}}